{"id":256,"date":"2024-06-25T22:02:31","date_gmt":"2024-06-25T22:02:31","guid":{"rendered":"https:\/\/agenciagps.com\/about\/"},"modified":"2024-06-25T22:02:45","modified_gmt":"2024-06-25T22:02:45","slug":"about","status":"publish","type":"page","link":"https:\/\/agenciagps.com\/en\/about\/","title":{"rendered":"About"},"content":{"rendered":"<div class=\"wp-block-uagb-container uagb-block-48f09e77 alignfull uagb-is-root-container\"><div class=\"uagb-container-inner-blocks-wrap\">\n<div class=\"wp-block-uagb-advanced-heading uagb-block-a606d50e\"><p class=\"uagb-desc-text\">Sobre<\/p><h1 class=\"uagb-heading-text\">Descubre m\u00e1s sobre nosotros<\/h1><\/div>\n<\/div><\/div>\n\n\n\n<div class=\"wp-block-uagb-container uagb-block-3ec541a0 alignfull uagb-is-root-container\">\n<div class=\"wp-block-uagb-container uagb-block-ecbd7e76\">\n<div class=\"wp-block-uagb-info-box uagb-block-15ed7467 uagb-infobox__content-wrap  uagb-infobox-icon-above-title uagb-infobox-image-valign-top\"><div class=\"uagb-ifb-content\"><div class=\"uagb-ifb-title-wrap\"><p class=\"uagb-ifb-title-prefix\">Acerca de Nuestra Empresa<\/p><h2 class=\"uagb-ifb-title\">Conozca m\u00e1s sobre Agencia GPS<\/h2><\/div><p class=\"uagb-ifb-desc\">Agencia GPS es una agencia de noticias reconocida por su contenido de alta calidad y cobertura exclusiva en Colombia y Am\u00e9rica Latina. Ofrecemos servicios que abarcan una amplia gama de temas, desde pol\u00edtica hasta entretenimiento, con un enfoque especial en la comunidad hispana. Nuestro equipo de periodistas acreditados garantiza la producci\u00f3n de contenido veraz y contextualizado, satisfaciendo las necesidades informativas de nuestros clientes.<br><br>Logramos resultados excepcionales para nuestros clientes<\/p><\/div><\/div>\n<\/div>\n<\/div>\n\n\n\n<div class=\"wp-block-uagb-container uagb-layout-grid uagb-block-cccfb855 alignfull uagb-is-root-container\"><div class=\"uagb-container-inner-blocks-wrap\">\n<div class=\"wp-block-uagb-image uagb-block-44e7a3be wp-block-uagb-image--layout-default wp-block-uagb-image--effect-static wp-block-uagb-image--align-none\"><figure class=\"wp-block-uagb-image__figure\"><img loading=\"lazy\" decoding=\"async\" srcset=\"https:\/\/agenciagps.com\/wp-content\/uploads\/2024\/06\/man-coffee-cup-pen.jpg ,https:\/\/agenciagps.com\/wp-content\/uploads\/2024\/06\/man-coffee-cup-pen.jpg 780w, https:\/\/agenciagps.com\/wp-content\/uploads\/2024\/06\/man-coffee-cup-pen.jpg 360w\" sizes=\"auto, (max-width: 480px) 150px\" src=\"https:\/\/agenciagps.com\/wp-content\/uploads\/2024\/06\/man-coffee-cup-pen.jpg\" alt=\"\" class=\"uag-image-13\" width=\"600\" height=\"550\" title=\"our-story\" role=\"img\"\/><\/figure><\/div>\n\n\n\n<div class=\"wp-block-uagb-info-box uagb-block-1f24e138 uagb-infobox__content-wrap  uagb-infobox-icon-above-title uagb-infobox-image-valign-top\"><div class=\"uagb-ifb-content\"><div class=\"uagb-ifb-title-wrap\"><p class=\"uagb-ifb-title-prefix\">Nuestra Historia<\/p><h2 class=\"uagb-ifb-title\">Descubre nuestra trayectoria<\/h2><\/div><p class=\"uagb-ifb-desc\">Agencia GPS fue fundada en el a\u00f1o XXXX con la misi\u00f3n de conectar a Am\u00e9rica Latina con las noticias m\u00e1s relevantes de EE.UU. Desde entonces, hemos estado comprometidos con la excelencia period\u00edstica y la cobertura multimedia exclusiva.<br><br>Fundada en XXXX, Agencia GPS se ha destacado por su compromiso con la veracidad informativa y la excelencia period\u00edstica.<\/p><\/div><\/div>\n<\/div><\/div>\n\n\n\n<div class=\"wp-block-uagb-container uagb-layout-grid uagb-block-d8faffdc alignfull uagb-is-root-container\"><div class=\"uagb-container-inner-blocks-wrap\">\n<div class=\"wp-block-uagb-advanced-heading uagb-block-a232c1da\"><p class=\"uagb-desc-text\">Misi\u00f3n y Valores<\/p><h2 class=\"uagb-heading-text\">Nuestra Misi\u00f3n y Valores<\/h2><\/div>\n\n\n\n<div class=\"wp-block-uagb-container uagb-block-b3bbed70\">\n<div class=\"wp-block-uagb-advanced-heading uagb-block-80068c07\"><h3 class=\"uagb-heading-text\">Nuestra Misi\u00f3n<\/h3><p class=\"uagb-desc-text\">Servir como un puente informativo, conectando a las audiencias de Am\u00e9rica Latina con noticias actualizadas desde EE.UU., garantizando informaci\u00f3n veraz y contextualizada.<\/p><div class=\"uagb-separator\"><\/div><\/div>\n\n\n\n<div class=\"wp-block-uagb-advanced-heading uagb-block-dd3a82a5\"><h3 class=\"uagb-heading-text\">Nuestros Valores<\/h3><p class=\"uagb-desc-text\">Comprometidos con la veracidad, la excelencia y la satisfacci\u00f3n de nuestros clientes.<\/p><\/div>\n<\/div>\n<\/div><\/div>\n\n\n\n<div class=\"wp-block-uagb-container uagb-block-9c27b936 alignfull uagb-is-root-container\"><div class=\"uagb-container-inner-blocks-wrap\">\n<div class=\"wp-block-uagb-info-box uagb-block-51fe0c8f uagb-infobox__content-wrap  uagb-infobox-icon-above-title uagb-infobox-image-valign-top\"><div class=\"uagb-ifb-content\"><div class=\"uagb-ifb-title-wrap\"><h2 class=\"uagb-ifb-title\">\u00danete a nuestra comunidad informativa<\/h2><\/div><p class=\"uagb-ifb-desc\">Recibe noticias exclusivas y actualizadas en tu correo, \u00a1suscr\u00edbete ya!<\/p><div class=\"uagb-ifb-button-wrapper wp-block-button\"><a href=\"\/en\/contact\/\" class=\"uagb-infobox-cta-link wp-block-button__link\" target=\"_self\" rel=\"noopener noreferrer\" onclick=\"return true;\" alt=\"\"><span class=\"uagb-inline-editing\">Leer M\u00e1s<\/span><\/a><\/div><\/div><\/div>\n<\/div><\/div>","protected":false},"excerpt":{"rendered":"","protected":false},"author":1,"featured_media":0,"parent":0,"menu_order":0,"comment_status":"closed","ping_status":"closed","template":"","meta":{"site-sidebar-layout":"default","site-content-layout":"","ast-site-content-layout":"","site-content-style":"default","site-sidebar-style":"default","ast-global-header-display":"","ast-banner-title-visibility":"","ast-main-header-display":"","ast-hfb-above-header-display":"","ast-hfb-below-header-display":"","ast-hfb-mobile-header-display":"","site-post-title":"disabled","ast-breadcrumbs-content":"","ast-featured-img":"","footer-sml-layout":"","theme-transparent-header-meta":"","adv-header-id-meta":"","stick-header-meta":"","header-above-stick-meta":"","header-main-stick-meta":"","header-below-stick-meta":"","astra-migrate-meta-layouts":"default","ast-page-background-enabled":"default","ast-page-background-meta":{"desktop":{"background-color":"var(--ast-global-color-4)","background-image":"","background-repeat":"repeat","background-position":"center center","background-size":"auto","background-attachment":"scroll","background-type":"","background-media":"","overlay-type":"","overlay-color":"","overlay-opacity":"","overlay-gradient":""},"tablet":{"background-color":"","background-image":"","background-repeat":"repeat","background-position":"center center","background-size":"auto","background-attachment":"scroll","background-type":"","background-media":"","overlay-type":"","overlay-color":"","overlay-opacity":"","overlay-gradient":""},"mobile":{"background-color":"","background-image":"","background-repeat":"repeat","background-position":"center center","background-size":"auto","background-attachment":"scroll","background-type":"","background-media":"","overlay-type":"","overlay-color":"","overlay-opacity":"","overlay-gradient":""}},"ast-content-background-meta":{"desktop":{"background-color":"var(--ast-global-color-5)","background-image":"","background-repeat":"repeat","background-position":"center center","background-size":"auto","background-attachment":"scroll","background-type":"","background-media":"","overlay-type":"","overlay-color":"","overlay-opacity":"","overlay-gradient":""},"tablet":{"background-color":"var(--ast-global-color-5)","background-image":"","background-repeat":"repeat","background-position":"center center","background-size":"auto","background-attachment":"scroll","background-type":"","background-media":"","overlay-type":"","overlay-color":"","overlay-opacity":"","overlay-gradient":""},"mobile":{"background-color":"var(--ast-global-color-5)","background-image":"","background-repeat":"repeat","background-position":"center center","background-size":"auto","background-attachment":"scroll","background-type":"","background-media":"","overlay-type":"","overlay-color":"","overlay-opacity":"","overlay-gradient":""}},"footnotes":""},"class_list":["post-256","page","type-page","status-publish","hentry"],"_links":{"self":[{"href":"https:\/\/agenciagps.com\/en\/wp-json\/wp\/v2\/pages\/256","targetHints":{"allow":["GET"]}}],"collection":[{"href":"https:\/\/agenciagps.com\/en\/wp-json\/wp\/v2\/pages"}],"about":[{"href":"https:\/\/agenciagps.com\/en\/wp-json\/wp\/v2\/types\/page"}],"author":[{"embeddable":true,"href":"https:\/\/agenciagps.com\/en\/wp-json\/wp\/v2\/users\/1"}],"replies":[{"embeddable":true,"href":"https:\/\/agenciagps.com\/en\/wp-json\/wp\/v2\/comments?post=256"}],"version-history":[{"count":2,"href":"https:\/\/agenciagps.com\/en\/wp-json\/wp\/v2\/pages\/256\/revisions"}],"predecessor-version":[{"id":316,"href":"https:\/\/agenciagps.com\/en\/wp-json\/wp\/v2\/pages\/256\/revisions\/316"}],"wp:attachment":[{"href":"https:\/\/agenciagps.com\/en\/wp-json\/wp\/v2\/media?parent=256"}],"curies":[{"name":"wp","href":"https:\/\/api.w.org\/{rel}","templated":true}]}}